{"id":1012,"date":"2022-11-29T00:24:14","date_gmt":"2022-11-29T00:24:14","guid":{"rendered":"https:\/\/beta.grupoquintadoslagos.pt\/sobre-nos\/"},"modified":"2022-11-30T23:33:15","modified_gmt":"2022-11-30T23:33:15","slug":"qui-sommes-nous","status":"publish","type":"page","link":"https:\/\/grupoquintadoslagos.pt\/fr\/qui-sommes-nous\/","title":{"rendered":"Qui sommes-nous"},"content":{"rendered":"\n<p>Le groupe Quinta dos Lagos a d\u00e9but\u00e9 en 2004, des mains de Nelson Fernando Bastos da Silva, avec Quinta dos Lagos.<br>La beaut\u00e9 naturelle de cet espace a conquis de nombreux succ\u00e8s et la volont\u00e9 de grandir et d&rsquo;\u00e9largir les horizons a grandi. L&rsquo;id\u00e9e de continuer \u00e0 r\u00e9aliser des r\u00eaves, de voir le bonheur sur le visage des clients et de continuer \u00e0 organiser des \u00e9v\u00e9nements heureux \u00e9tait quelque chose qu&rsquo;il voulait garder.<br>Il a ensuite cr\u00e9\u00e9 une structure solide avec des racines tr\u00e8s fortes pour former une \u00e9quipe, des chambres et des menus de r\u00eave qui font encore partie de cette famille aujourd&rsquo;hui !<br>La demande croissante pour le groupe l&rsquo;a conduit \u00e0 s&rsquo;accrocher \u00e0 cette famille et \u00e0 franchir une \u00e9tape ambitieuse. C&rsquo;est alors qu&rsquo;en 2010 est n\u00e9e la Quinta das Oliveiras, avec une structure construite presque \u00e0 partir de z\u00e9ro et la proximit\u00e9 de la Quinta dos Lagos, est devenue un autre succ\u00e8s ! En 2011, Quinta da Aldeia a rejoint cette famille, et le fait d&rsquo;\u00eatre un peu plus \u00e9loign\u00e9 des autres, fait que le nom du groupe va plus loin.<\/p>\n\n\n\n<p>Son ambition, et pour continuer \u00e0 croire que les \u00e9v\u00e9nements apportent le bonheur, l&rsquo;a fait, en 2014, acqu\u00e9rir la Quinta das Palmeiras. Plus r\u00e9cemment, en 2019, la Quinta do Pinheiro, int\u00e9gr\u00e9e de mani\u00e8re unique \u00e0 la nature qui l&rsquo;entoure, a commenc\u00e9 \u00e0 faire partie du groupe. Dans un cadre verdoyant et tranquille qui vous invite \u00e0 vous d\u00e9tendre et \u00e0 profiter de chaque instant, il dispose d&rsquo;un h\u00f4tel rural, de plusieurs salles pour des \u00e9v\u00e9nements, de plusieurs zones sportives et \u00e9galement d&rsquo;un centre \u00e9questre.<\/p>\n\n\n\n<p>Parce que nous voulons continuer \u00e0 vous surprendre et \u00e0 apporter de la qualit\u00e9 et de la d\u00e9tente \u00e0 vos c\u00e9l\u00e9brations, nous allons faire un nouveau grand pas ! Rien ne serait plus logique que de donner une nouvelle vie au premier espace de ce groupe.<\/p>\n\n\n\n<p>Le secret de la r\u00e9ussite est d&rsquo;aimer ce que l&rsquo;on fait.<\/p>\n","protected":false},"excerpt":{"rendered":"<p>Le groupe Quinta dos Lagos a d\u00e9but\u00e9 en 2004, des mains de Nelson Fernando Bastos da Silva, avec Quinta dos Lagos.La beaut\u00e9 naturelle de cet espace a conquis de nombreux succ\u00e8s et la volont\u00e9 de grandir et d&rsquo;\u00e9largir les horizons a grandi. L&rsquo;id\u00e9e de continuer \u00e0 r\u00e9aliser des r\u00eaves, de voir le bonheur sur le [&hellip;]<\/p>\n","protected":false},"author":1,"featured_media":1004,"parent":0,"menu_order":0,"comment_status":"closed","ping_status":"closed","template":"","meta":[],"acf":[],"_links":{"self":[{"href":"https:\/\/grupoquintadoslagos.pt\/fr\/wp-json\/wp\/v2\/pages\/1012"}],"collection":[{"href":"https:\/\/grupoquintadoslagos.pt\/fr\/wp-json\/wp\/v2\/pages"}],"about":[{"href":"https:\/\/grupoquintadoslagos.pt\/fr\/wp-json\/wp\/v2\/types\/page"}],"author":[{"embeddable":true,"href":"https:\/\/grupoquintadoslagos.pt\/fr\/wp-json\/wp\/v2\/users\/1"}],"replies":[{"embeddable":true,"href":"https:\/\/grupoquintadoslagos.pt\/fr\/wp-json\/wp\/v2\/comments?post=1012"}],"version-history":[{"count":1,"href":"https:\/\/grupoquintadoslagos.pt\/fr\/wp-json\/wp\/v2\/pages\/1012\/revisions"}],"predecessor-version":[{"id":1071,"href":"https:\/\/grupoquintadoslagos.pt\/fr\/wp-json\/wp\/v2\/pages\/1012\/revisions\/1071"}],"wp:featuredmedia":[{"embeddable":true,"href":"https:\/\/grupoquintadoslagos.pt\/fr\/wp-json\/wp\/v2\/media\/1004"}],"wp:attachment":[{"href":"https:\/\/grupoquintadoslagos.pt\/fr\/wp-json\/wp\/v2\/media?parent=1012"}],"curies":[{"name":"wp","href":"https:\/\/api.w.org\/{rel}","templated":true}]}}