{"id":1010,"date":"2022-11-28T23:29:54","date_gmt":"2022-11-28T23:29:54","guid":{"rendered":"https:\/\/beta.grupoquintadoslagos.pt\/reservas\/"},"modified":"2022-11-30T23:58:04","modified_gmt":"2022-11-30T23:58:04","slug":"reservation","status":"publish","type":"page","link":"https:\/\/grupoquintadoslagos.pt\/fr\/reservation\/","title":{"rendered":"R\u00e9servation"},"content":{"rendered":"\n<p>Remplissez le formulaire ci-dessous pour effectuer une r\u00e9servation.<\/p>\n\n\n\n<p>L&rsquo;H\u00f4tel Rural Quinta do Pinheiro informe que la r\u00e9servation ne sera valid\u00e9e qu&rsquo;apr\u00e8s contact t\u00e9l\u00e9phonique de notre service de r\u00e9servation.<\/p>\n\n\n<div role=\"form\" class=\"wpcf7\" id=\"wpcf7-f1080-o1\" lang=\"fr-FR\" dir=\"ltr\">\n<div class=\"screen-reader-response\"><p role=\"status\" aria-live=\"polite\" aria-atomic=\"true\"><\/p> <ul><\/ul><\/div>\n<form action=\"\/fr\/wp-json\/wp\/v2\/pages\/1010#wpcf7-f1080-o1\" method=\"post\" class=\"wpcf7-form init\" novalidate=\"novalidate\" data-status=\"init\">\n<div style=\"display: none;\">\n<input type=\"hidden\" name=\"_wpcf7\" value=\"1080\" \/>\n<input type=\"hidden\" name=\"_wpcf7_version\" value=\"5.6.4\" \/>\n<input type=\"hidden\" name=\"_wpcf7_locale\" value=\"fr_FR\" \/>\n<input type=\"hidden\" name=\"_wpcf7_unit_tag\" value=\"wpcf7-f1080-o1\" \/>\n<input type=\"hidden\" name=\"_wpcf7_container_post\" value=\"0\" \/>\n<input type=\"hidden\" name=\"_wpcf7_posted_data_hash\" value=\"\" \/>\n<input type=\"hidden\" name=\"_wpcf7_recaptcha_response\" value=\"\" \/>\n<\/div>\n<div class=\"row mt-5 mb-5\">\n<div class=\"col-12\">\n<div class=\"form-group\">\n            <label for=\"f_name\">Nom<\/label><br \/>\n            <span class=\"wpcf7-form-control-wrap\" data-name=\"f_name\"><input type=\"text\" name=\"f_name\" value=\"\" size=\"40\" class=\"wpcf7-form-control wpcf7-text wpcf7-validates-as-required form-control\" aria-required=\"true\" aria-invalid=\"false\" \/><\/span>\n        <\/div>\n<\/div>\n<div class=\"col-12\">\n<hr>\n    <\/div>\n<div class=\"col-md-6\">\n<div class=\"form-group\">\n            <label for=\"date_in\">Date d'arriv\u00e9e<\/label><br \/>\n            <span class=\"wpcf7-form-control-wrap\" data-name=\"date_in\"><input type=\"date\" name=\"date_in\" value=\"Date d&#039;arriv\u00e9e\" class=\"wpcf7-form-control wpcf7-date wpcf7-validates-as-required wpcf7-validates-as-date form-control\" min=\"2022-12-01\" aria-required=\"true\" aria-invalid=\"false\" \/><\/span>\n        <\/div>\n<\/div>\n<div class=\"col-md-6\">\n<div class=\"form-group\">\n            <label for=\"date_out\">Date de d\u00e9part<\/label><br \/>\n            <span class=\"wpcf7-form-control-wrap\" data-name=\"date_out\"><input type=\"date\" name=\"date_out\" value=\"Date de d\u00e9part\" class=\"wpcf7-form-control wpcf7-date wpcf7-validates-as-required wpcf7-validates-as-date form-control\" min=\"2022-12-01\" aria-required=\"true\" aria-invalid=\"false\" \/><\/span>\n        <\/div>\n<\/div>\n<div class=\"col-12\">\n<hr>\n    <\/div>\n<div class=\"col-md-4\">\n<div class=\"form-group\">\n            <label for=\"adultos\">Nombre d'adultes<\/label><br \/>\n            <span class=\"wpcf7-form-control-wrap\" data-name=\"adultos\"><input type=\"number\" name=\"adultos\" value=\"1\" class=\"wpcf7-form-control wpcf7-number wpcf7-validates-as-required wpcf7-validates-as-number form-control\" min=\"1\" aria-required=\"true\" aria-invalid=\"false\" \/><\/span>\n        <\/div>\n<\/div>\n<div class=\"col-md-4\">\n<div class=\"form-group\">\n            <label for=\"criancas\">Nombre d'enfants \u00e2g\u00e9s de 3 \u00e0 12 ans<\/label><br \/>\n            <span class=\"wpcf7-form-control-wrap\" data-name=\"criancas\"><input type=\"number\" name=\"criancas\" value=\"0\" class=\"wpcf7-form-control wpcf7-number wpcf7-validates-as-required wpcf7-validates-as-number form-control\" min=\"0\" aria-required=\"true\" aria-invalid=\"false\" \/><\/span>\n        <\/div>\n<\/div>\n<div class=\"col-md-4\">\n<div class=\"form-group\">\n            <label for=\"bebes\">Nombre de b\u00e9b\u00e9s<\/label><br \/>\n            <span class=\"wpcf7-form-control-wrap\" data-name=\"bebes\"><input type=\"number\" name=\"bebes\" value=\"0\" class=\"wpcf7-form-control wpcf7-number wpcf7-validates-as-required wpcf7-validates-as-number form-control\" min=\"0\" aria-required=\"true\" aria-invalid=\"false\" \/><\/span>\n        <\/div>\n<\/div>\n<div class=\"col-12\">\n<hr>\n    <\/div>\n<div class=\"col-md-6\">\n<div class=\"form-group\">\n            <label for=\"email\">E-mail<\/label><br \/>\n            <span class=\"wpcf7-form-control-wrap\" data-name=\"email\"><input type=\"email\" name=\"email\" value=\"\" size=\"40\" class=\"wpcf7-form-control wpcf7-text wpcf7-email wpcf7-validates-as-required wpcf7-validates-as-email form-control\" aria-required=\"true\" aria-invalid=\"false\" \/><\/span>\n        <\/div>\n<\/div>\n<div class=\"col-lg-6 col-md-6\">\n<div class=\"form-group\">\n            <label for=\"telefone\">T\u00e9l\u00e9phone<\/label><br \/>\n            <span class=\"wpcf7-form-control-wrap\" data-name=\"telefone\"><input type=\"tel\" name=\"telefone\" value=\"\" size=\"40\" minlength=\"9\" class=\"wpcf7-form-control wpcf7-text wpcf7-tel wpcf7-validates-as-required wpcf7-validates-as-tel form-control\" aria-required=\"true\" aria-invalid=\"false\" \/><\/span>\n        <\/div>\n<\/div>\n<div class=\"col-12\">\n<div class=\"form-group\">\n            <label for=\"mensagem\">Message<\/label><br \/>\n            <span class=\"wpcf7-form-control-wrap\" data-name=\"mensagem\"><textarea name=\"mensagem\" cols=\"40\" rows=\"10\" class=\"wpcf7-form-control wpcf7-textarea wpcf7-validates-as-required form-control\" aria-required=\"true\" aria-invalid=\"false\"><\/textarea><\/span>\n        <\/div>\n<p>Ce site est prot\u00e9g\u00e9 par reCAPTCHA et Google Les <a href=\"https:\/\/policies.google.com\/privacy\" target=\"_blank\">Politiques de confidentialit\u00e9<\/a> et les <a href=\"https:\/\/policies.google.com\/terms\" target=\"_blank\">Conditions de service<\/a> s'appliquent.<\/p>\n<\/div>\n<div class=\"col-12 mt-3\">\n<div class=\"text-start\">\n            <input type=\"submit\" value=\"Soumettre\" class=\"wpcf7-form-control has-spinner wpcf7-submit btn cta-secondary\" \/>\n        <\/div>\n<\/div>\n<\/div>\n<div class=\"wpcf7-response-output\" aria-hidden=\"true\"><\/div><\/form><\/div>\n","protected":false},"excerpt":{"rendered":"<p>Remplissez le formulaire ci-dessous pour effectuer une r\u00e9servation. L&rsquo;H\u00f4tel Rural Quinta do Pinheiro informe que la r\u00e9servation ne sera valid\u00e9e qu&rsquo;apr\u00e8s contact t\u00e9l\u00e9phonique de notre service de r\u00e9servation.<\/p>\n","protected":false},"author":1,"featured_media":507,"parent":0,"menu_order":0,"comment_status":"closed","ping_status":"closed","template":"","meta":[],"acf":[],"_links":{"self":[{"href":"https:\/\/grupoquintadoslagos.pt\/fr\/wp-json\/wp\/v2\/pages\/1010"}],"collection":[{"href":"https:\/\/grupoquintadoslagos.pt\/fr\/wp-json\/wp\/v2\/pages"}],"about":[{"href":"https:\/\/grupoquintadoslagos.pt\/fr\/wp-json\/wp\/v2\/types\/page"}],"author":[{"embeddable":true,"href":"https:\/\/grupoquintadoslagos.pt\/fr\/wp-json\/wp\/v2\/users\/1"}],"replies":[{"embeddable":true,"href":"https:\/\/grupoquintadoslagos.pt\/fr\/wp-json\/wp\/v2\/comments?post=1010"}],"version-history":[{"count":2,"href":"https:\/\/grupoquintadoslagos.pt\/fr\/wp-json\/wp\/v2\/pages\/1010\/revisions"}],"predecessor-version":[{"id":1084,"href":"https:\/\/grupoquintadoslagos.pt\/fr\/wp-json\/wp\/v2\/pages\/1010\/revisions\/1084"}],"wp:featuredmedia":[{"embeddable":true,"href":"https:\/\/grupoquintadoslagos.pt\/fr\/wp-json\/wp\/v2\/media\/507"}],"wp:attachment":[{"href":"https:\/\/grupoquintadoslagos.pt\/fr\/wp-json\/wp\/v2\/media?parent=1010"}],"curies":[{"name":"wp","href":"https:\/\/api.w.org\/{rel}","templated":true}]}}